{"id":1492,"date":"2021-08-16T11:38:37","date_gmt":"2021-08-16T09:38:37","guid":{"rendered":"https:\/\/www.egermann-businesslotse.com\/?page_id=1492"},"modified":"2021-08-16T11:40:22","modified_gmt":"2021-08-16T09:40:22","slug":"news","status":"publish","type":"page","link":"https:\/\/www.egermann-businesslotse.com\/en\/news\/","title":{"rendered":"NEWS"},"content":{"rendered":"<div class=\"fusion-fullwidth fullwidth-box fusion-builder-row-1 nonhundred-percent-fullwidth non-hundred-percent-height-scrolling\" style=\"--awb-border-radius-top-left:0px;--awb-border-radius-top-right:0px;--awb-border-radius-bottom-right:0px;--awb-border-radius-bottom-left:0px;--awb-padding-top:6%;--awb-padding-right:6%;--awb-padding-bottom:6%;--awb-padding-left:6%;--awb-background-color:#ffffff;\" ><div class=\"fusion-builder-row fusion-row\"><div class=\"fusion-layout-column fusion_builder_column fusion-builder-column-0 fusion_builder_column_1_3 1_3 fusion-one-third fusion-column-first\" style=\"--awb-bg-size:cover;--awb-margin-top:5px;width:33.333333333333%;width:calc(33.333333333333% - ( ( 6% ) * 0.33333333333333 ) );margin-right: 6%;\"><div class=\"fusion-column-wrapper fusion-column-has-shadow fusion-flex-column-wrapper-legacy\"><div class=\"fusion-text fusion-text-1\"><p><strong>Leipzig, 11. Mai 2021<\/strong><br \/>\nWMS Wachstumsfonds Mittelstand Sachsen begleitet Nachfolgel\u00f6sung bei der SIMPEX HYDRAULIK-Gruppe<\/p>\n<\/div><div class=\"fusion-text fusion-text-2\"><p><span style=\"color: #0278c2;\"><strong>Meine Herausforderungen bei dieser Transaktion<\/strong><\/span><\/p>\n<ul>\n<li>Konsolidierung der Einzelfirmen<\/li>\n<li>Mediation im Gesellschafterkonflikt<\/li>\n<li>Neugestaltung und Reorganisation der obersten Fu\u0308hrungsebene<\/li>\n<li>Personalberatung und Personalsuche<\/li>\n<li>Aktive Beiratsfunktion<\/li>\n<\/ul>\n<\/div><div class=\"fusion-clearfix\"><\/div><\/div><\/div><div class=\"fusion-layout-column fusion_builder_column fusion-builder-column-1 fusion_builder_column_2_3 2_3 fusion-two-third fusion-column-last\" style=\"--awb-bg-size:cover;width:66.666666666667%;width:calc(66.666666666667% - ( ( 6% ) * 0.66666666666667 ) );\"><div class=\"fusion-column-wrapper fusion-column-has-shadow fusion-flex-column-wrapper-legacy\"><div class=\"fusion-image-element fusion-image-align-left in-legacy-container\" style=\"text-align:left;--awb-margin-top:0px;--awb-margin-right:0px;--awb-margin-bottom:0px;--awb-margin-left:0px;--awb-caption-title-size:var(--h2_typography-font-size);--awb-caption-title-transform:var(--h2_typography-text-transform);--awb-caption-title-line-height:var(--h2_typography-line-height);--awb-caption-title-letter-spacing:var(--h2_typography-letter-spacing);\"><span class=\" fusion-imageframe imageframe-dropshadow imageframe-1 hover-type-none\" style=\"border:10px solid #ffffff;-webkit-box-shadow: 3px 3px 7px rgba(123,131,139,0.3);box-shadow: 3px 3px 7px rgba(123,131,139,0.3);margin-right:25px;float:left;\"><img decoding=\"async\" width=\"640\" height=\"343\" title=\"Egermann-businesslotse-2021-05-SIMPEX\" src=\"https:\/\/www.egermann-businesslotse.com\/wp-content\/uploads\/2021\/08\/Egermann-businesslotse-2021-05-SIMPEX.jpg\" alt class=\"img-responsive wp-image-1500\" srcset=\"https:\/\/www.egermann-businesslotse.com\/wp-content\/uploads\/2021\/08\/Egermann-businesslotse-2021-05-SIMPEX-200x107.jpg 200w, https:\/\/www.egermann-businesslotse.com\/wp-content\/uploads\/2021\/08\/Egermann-businesslotse-2021-05-SIMPEX-400x214.jpg 400w, https:\/\/www.egermann-businesslotse.com\/wp-content\/uploads\/2021\/08\/Egermann-businesslotse-2021-05-SIMPEX-600x322.jpg 600w, https:\/\/www.egermann-businesslotse.com\/wp-content\/uploads\/2021\/08\/Egermann-businesslotse-2021-05-SIMPEX.jpg 640w\" sizes=\"(max-width: 1000px) 100vw, 640px\" \/><\/span><\/div><div class=\"fusion-sep-clear\"><\/div><div class=\"fusion-separator fusion-full-width-sep\" style=\"margin-left: auto;margin-right: auto;margin-top:15px;margin-bottom:0px;width:100%;\"><\/div><div class=\"fusion-sep-clear\"><\/div><div class=\"fusion-text fusion-text-3\"><p style=\"text-align: left;\"><strong><span style=\"color: #0278c2;\">Pressemitteilung<\/span><\/strong><\/p>\n<\/div><div class=\"fusion-clearfix\"><\/div><\/div><\/div><div class=\"fusion-layout-column fusion_builder_column fusion-builder-column-2 fusion_builder_column_1_3 1_3 fusion-one-third fusion-column-first fusion-animated\" style=\"--awb-bg-size:cover;--awb-margin-top:5px;width:33.333333333333%;width:calc(33.333333333333% - ( ( 6% ) * 0.33333333333333 ) );margin-right: 6%;\" data-animationType=\"fadeInLeft\" data-animationDuration=\"1.0\" data-animationOffset=\"top-into-view\"><div class=\"fusion-column-wrapper fusion-flex-column-wrapper-legacy\"><div class=\"fusion-clearfix\"><\/div><\/div><\/div><div class=\"fusion-layout-column fusion_builder_column fusion-builder-column-3 fusion_builder_column_2_3 2_3 fusion-two-third fusion-column-last\" style=\"--awb-padding-top:20px;--awb-padding-right:20px;--awb-padding-bottom:20px;--awb-padding-left:20px;--awb-bg-color:#ededed;--awb-bg-size:cover;--awb-margin-top:0px;width:66.666666666667%;width:calc(66.666666666667% - ( ( 6% ) * 0.66666666666667 ) );\"><div class=\"fusion-column-wrapper fusion-column-has-shadow fusion-flex-column-wrapper-legacy\"><div class=\"fusion-builder-row fusion-builder-row-inner fusion-row\"><div class=\"fusion-layout-column fusion_builder_column_inner fusion-builder-nested-column-0 fusion_builder_column_inner_1_4 1_4 fusion-one-fourth fusion-column-first\" style=\"--awb-bg-color:#ededed;--awb-bg-size:cover;width:25%;width:calc(25% - ( ( 20px ) * 0.25 ) );margin-right: 20px;\"><div class=\"fusion-column-wrapper fusion-column-has-shadow fusion-flex-column-wrapper-legacy\"><div class=\"fusion-image-element fusion-image-align-left in-legacy-container\" style=\"text-align:left;--awb-max-width:100px;--awb-caption-title-size:var(--h2_typography-font-size);--awb-caption-title-transform:var(--h2_typography-text-transform);--awb-caption-title-line-height:var(--h2_typography-line-height);--awb-caption-title-letter-spacing:var(--h2_typography-letter-spacing);\"><span class=\" fusion-imageframe imageframe-none imageframe-2 hover-type-none\" style=\"margin-right:25px;float:left;\"><a class=\"fusion-no-lightbox\" href=\"https:\/\/www.egermann-businesslotse.com\/wp-content\/uploads\/2021\/08\/2021-05-11-WMS-begleitet-Nachfolgelo\u0308sung-bei-SIMPEX-HYDRAULIK-Gruppe.pdf\" target=\"_blank\" aria-label=\"Egermann-businesslotse-PDF_file_icon\" rel=\"noopener noreferrer\"><img decoding=\"async\" width=\"200\" height=\"246\" alt=\"WMS Wachstumsfonds Mittelstand Sachsen begleitet Nachfolgel\u00f6sung bei der SIMPEX HYDRAULIK-Gruppe\" src=\"https:\/\/www.egermann-businesslotse.com\/wp-content\/uploads\/2021\/08\/Egermann-businesslotse-PDF_file_icon.png\" class=\"img-responsive wp-image-1503\"\/><\/a><\/span><\/div><div class=\"fusion-clearfix\"><\/div><\/div><\/div><div class=\"fusion-layout-column fusion_builder_column_inner fusion-builder-nested-column-1 fusion_builder_column_inner_3_4 3_4 fusion-three-fourth fusion-column-last\" style=\"--awb-bg-color:#ededed;--awb-bg-size:cover;width:75%;width:calc(75% - ( ( 20px ) * 0.75 ) );\"><div class=\"fusion-column-wrapper fusion-column-has-shadow fusion-flex-column-wrapper-legacy\"><div class=\"fusion-text fusion-text-4\"><p>Die deutschlandweit agierende SIMPEX HYDRAULIKGruppe mit zuku\u0308nftigem Hauptsitz in Leipzig wird im Rahmen einer Nachfolgefinanzierung an den WMS Wachstumsfonds Mittelstand Sachsen und das operative Management, unter der Fu\u0308hrung von Ilkka Matinpalo, ver\u00e4u\u00dfert. Im Fokus stehen dabei insbesondere die Sicherung der Zukunftsf\u00e4higkeit der Unternehmensgruppe sowie die Forcierung einer aktiven Wachstumsstrategie. DasWachstum soll hierbei durch eine Vertiefung der Wertsch\u00f6pfungskette, eine Expansion in neue Gesch\u00e4ftsfelder sowie durch die aktive Verfolgung einer Buy-and-Build-Strategie realisiert werden.<\/p>\n<\/div><div class=\"fusion-text fusion-text-5\"><p><a href=\"https:\/\/www.egermann-businesslotse.com\/wp-content\/uploads\/2021\/08\/2021-05-11-WMS-begleitet-Nachfolgelo\u0308sung-bei-SIMPEX-HYDRAULIK-Gruppe.pdf\" target=\"_blank\" rel=\"noopener\"><em>weiterlesen &#8230;<\/em><\/a><\/p>\n<\/div><div class=\"fusion-alignleft\"><a class=\"fusion-button button-flat fusion-button-default-size button-default fusion-button-default button-1 fusion-button-default-span fusion-button-default-type\" style=\"--button_text_transform:uppercase;\" target=\"_blank\" rel=\"noopener noreferrer\" href=\"https:\/\/www.egermann-businesslotse.com\/wp-content\/uploads\/2021\/08\/2021-05-11-WMS-begleitet-Nachfolgelo\u0308sung-bei-SIMPEX-HYDRAULIK-Gruppe.pdf\"><span class=\"fusion-button-text\">ZUM DOWNLOAD<\/span><\/a><\/div><div class=\"fusion-clearfix\"><\/div><\/div><\/div><\/div><div class=\"fusion-clearfix\"><\/div><\/div><\/div><\/div><\/div>\n","protected":false},"excerpt":{"rendered":"","protected":false},"author":8,"featured_media":0,"parent":0,"menu_order":0,"comment_status":"closed","ping_status":"closed","template":"100-width.php","meta":[],"_links":{"self":[{"href":"https:\/\/www.egermann-businesslotse.com\/en\/wp-json\/wp\/v2\/pages\/1492"}],"collection":[{"href":"https:\/\/www.egermann-businesslotse.com\/en\/wp-json\/wp\/v2\/pages"}],"about":[{"href":"https:\/\/www.egermann-businesslotse.com\/en\/wp-json\/wp\/v2\/types\/page"}],"author":[{"embeddable":true,"href":"https:\/\/www.egermann-businesslotse.com\/en\/wp-json\/wp\/v2\/users\/8"}],"replies":[{"embeddable":true,"href":"https:\/\/www.egermann-businesslotse.com\/en\/wp-json\/wp\/v2\/comments?post=1492"}],"version-history":[{"count":0,"href":"https:\/\/www.egermann-businesslotse.com\/en\/wp-json\/wp\/v2\/pages\/1492\/revisions"}],"wp:attachment":[{"href":"https:\/\/www.egermann-businesslotse.com\/en\/wp-json\/wp\/v2\/media?parent=1492"}],"curies":[{"name":"wp","href":"https:\/\/api.w.org\/{rel}","templated":true}]}}